{"id":15319,"date":"2026-04-24T11:47:11","date_gmt":"2026-04-24T11:47:11","guid":{"rendered":"https:\/\/freigedreht-wettbewerb.de\/?page_id=15319"},"modified":"2026-04-24T12:07:46","modified_gmt":"2026-04-24T12:07:46","slug":"presse","status":"publish","type":"page","link":"https:\/\/freigedreht-wettbewerb.de\/index.php\/presse\/","title":{"rendered":"Presse"},"content":{"rendered":"<div class=\"wpb-content-wrapper\"><p>[vc_row bg_type=&#8220;bg_color&#8220; bg_override=&#8220;ex-full&#8220; css=&#8220;.vc_custom_1777032306124{padding-top: 40px !important;padding-bottom: 40px !important;}&#8220; bg_color_value=&#8220;#F8F8F9&#8243;][vc_column]<div id=\"ultimate-heading-7316a05ee9ae30db\" class=\"uvc-heading ult-adjust-bottom-margin ultimate-heading-7316a05ee9ae30db uvc-545 \" data-hspacer=\"no_spacer\"  data-halign=\"center\" style=\"text-align:center\"><div class=\"uvc-heading-spacer no_spacer\" style=\"top\"><\/div><div class=\"uvc-main-heading ult-responsive\"  data-ultimate-target='.uvc-heading.ultimate-heading-7316a05ee9ae30db h2'  data-responsive-json-new='{\"font-size\":\"desktop:56px;\",\"line-height\":\"desktop:60px;\"}' ><h2 style=\"--font-weight:theme;color:#008E75;margin-bottom:40px;\">PRESSE<\/h2><\/div><\/div>[vc_column_text css=&#8220;&#8220;]<\/p>\n<p style=\"text-align: center;\">Unter diesem Link k\u00f6nnen Sie sich Bild- und Textmaterial f\u00fcr Ihre Ver\u00f6ffentlichung unseres Wettbewerbs freiGEDREHT herunterladen:<\/p>\n<p>[\/vc_column_text]<style type=\"text\/css\" data-type=\"the7_shortcodes-inline-css\">#default-btn-9c96ed33b55a7518c9c57d6a1d20fd37.ico-right-side > i {\n  margin-right: 0px;\n  margin-left: 8px;\n}\n#default-btn-9c96ed33b55a7518c9c57d6a1d20fd37 > i {\n  margin-right: 8px;\n}<\/style><div class=\"btn-align-center\"><a href=\"https:\/\/kunsthandwerkererzgebirge-my.sharepoint.com\/:f:\/g\/personal\/f_guenther_erzgebirge_org\/IgDjTWSm2mx0S7IYfaAHYwpjAQDRoo9z3khYhjmnVQtq2J4?e=ajDEvN\" class=\"default-btn-shortcode dt-btn dt-btn-l link-hover-off  vc_custom_1777032464435\" target=\"_blank\" id=\"default-btn-9c96ed33b55a7518c9c57d6a1d20fd37\" style=\"width:300px;\" title=\"Material herunterladen\" rel=\"noopener\"><span>Pressematerialien herunterladen<\/span><\/a><\/div>[\/vc_column][\/vc_row]<\/p>\n<\/div>","protected":false},"excerpt":{"rendered":"<p>[vc_row bg_type=&#8220;bg_color&#8220; bg_override=&#8220;ex-full&#8220; css=&#8220;.vc_custom_1777032306124{padding-top: 40px !important;padding-bottom: 40px !important;}&#8220; bg_color_value=&#8220;#F8F8F9&#8243;][vc_column][vc_column_text css=&#8220;&#8220;] Unter diesem Link k\u00f6nnen Sie sich Bild- und Textmaterial f\u00fcr Ihre Ver\u00f6ffentlichung unseres Wettbewerbs freiGEDREHT herunterladen: [\/vc_column_text][\/vc_column][\/vc_row]<\/p>\n","protected":false},"author":2,"featured_media":0,"parent":0,"menu_order":0,"comment_status":"closed","ping_status":"closed","template":"","meta":{"footnotes":""},"class_list":["post-15319","page","type-page","status-publish","hentry","description-off"],"_links":{"self":[{"href":"https:\/\/freigedreht-wettbewerb.de\/index.php\/wp-json\/wp\/v2\/pages\/15319","targetHints":{"allow":["GET"]}}],"collection":[{"href":"https:\/\/freigedreht-wettbewerb.de\/index.php\/wp-json\/wp\/v2\/pages"}],"about":[{"href":"https:\/\/freigedreht-wettbewerb.de\/index.php\/wp-json\/wp\/v2\/types\/page"}],"author":[{"embeddable":true,"href":"https:\/\/freigedreht-wettbewerb.de\/index.php\/wp-json\/wp\/v2\/users\/2"}],"replies":[{"embeddable":true,"href":"https:\/\/freigedreht-wettbewerb.de\/index.php\/wp-json\/wp\/v2\/comments?post=15319"}],"version-history":[{"count":10,"href":"https:\/\/freigedreht-wettbewerb.de\/index.php\/wp-json\/wp\/v2\/pages\/15319\/revisions"}],"predecessor-version":[{"id":15331,"href":"https:\/\/freigedreht-wettbewerb.de\/index.php\/wp-json\/wp\/v2\/pages\/15319\/revisions\/15331"}],"wp:attachment":[{"href":"https:\/\/freigedreht-wettbewerb.de\/index.php\/wp-json\/wp\/v2\/media?parent=15319"}],"curies":[{"name":"wp","href":"https:\/\/api.w.org\/{rel}","templated":true}]}}